{"id":67,"date":"2025-10-02T12:08:26","date_gmt":"2025-10-02T12:08:26","guid":{"rendered":"http:\/\/denizguney.tr\/?page_id=67"},"modified":"2025-10-02T12:08:26","modified_gmt":"2025-10-02T12:08:26","slug":"kitaplar","status":"publish","type":"page","link":"https:\/\/denizguney.tr\/?page_id=67","title":{"rendered":"kitaplar"},"content":{"rendered":"\n<div class=\"wp-block-group responsive-spacing has-global-padding is-layout-constrained wp-container-core-group-is-layout-f1d40660 wp-block-group-is-layout-constrained\" style=\"margin-top:0;margin-bottom:0;padding-top:12px;padding-right:20px;padding-bottom:12px;padding-left:20px\">\n<div class=\"wp-block-columns is-layout-flex wp-container-core-columns-is-layout-08c01c1c wp-block-columns-is-layout-flex\">\n<div class=\"wp-block-column is-layout-flow wp-block-column-is-layout-flow\" style=\"flex-basis:70%\">\n<div class=\"wp-block-query is-layout-flow wp-block-query-is-layout-flow\"><ul class=\"wp-block-post-template is-layout-flow wp-container-core-post-template-is-layout-594a565e wp-block-post-template-is-layout-flow\"><li class=\"wp-block-post post-1 post type-post status-publish format-standard hentry category-business\">\n\n<div class=\"wp-block-group has-global-padding is-layout-constrained wp-block-group-is-layout-constrained\" style=\"border-style:none;border-width:0px;border-radius:0px\">\n\n\n<div class=\"wp-block-group has-global-padding is-layout-constrained wp-container-core-group-is-layout-019f6765 wp-block-group-is-layout-constrained\" style=\"border-radius:0px;margin-top:0;margin-bottom:0;padding-top:var(--wp--preset--spacing--10);padding-right:var(--wp--preset--spacing--10);padding-bottom:var(--wp--preset--spacing--20);padding-left:var(--wp--preset--spacing--10)\">\n<div class=\"wp-block-group is-content-justification-center is-nowrap is-layout-flex wp-container-core-group-is-layout-faeaf2c2 wp-block-group-is-layout-flex\" style=\"padding-top:var(--wp--preset--spacing--10)\"><div class=\"wp-block-post-author\"><div class=\"wp-block-post-author__content\"><p class=\"wp-block-post-author__name\">denizwebadmin<\/p><\/div><\/div>\n\n<div class=\"wp-block-post-date\"><time datetime=\"2016-05-10T03:48:21+00:00\">10\/05\/2016<\/time><\/div><\/div>\n\n\n<h2 style=\"font-size:clamp(15.747px, 0.984rem + ((1vw - 3.2px) * 0.842), 24px);line-height:1.2;\" class=\"has-text-align-center wp-block-post-title\"><a href=\"https:\/\/denizguney.tr\/?p=1\" target=\"_self\" >Hello world!<\/a><\/h2>\n\n\n<div class=\"wp-block-group has-global-padding is-layout-constrained wp-container-core-group-is-layout-41c06ba8 wp-block-group-is-layout-constrained\"><div class=\"has-text-align-center wp-block-post-excerpt\"><p class=\"wp-block-post-excerpt__excerpt\">Blog sitem haz\u0131rlan\u0131yor&#8230;.<\/p><p class=\"wp-block-post-excerpt__more-text\"><a class=\"wp-block-post-excerpt__more-link\" href=\"https:\/\/denizguney.tr\/?p=1\">Read More<\/a><\/p><\/div><\/div>\n<\/div>\n<\/div>\n\n<\/li><\/ul><\/div>\n<\/div>\n\n\n\n<div class=\"wp-block-column is-layout-flow wp-block-column-is-layout-flow\" style=\"flex-basis:30%\">\n<div class=\"wp-block-group sticky-sidebar has-white-background-color has-background is-layout-flow wp-block-group-is-layout-flow wp-container-1 is-position-sticky\" style=\"margin-top:0;margin-bottom:0;padding-top:0;padding-right:0;padding-bottom:0;padding-left:0\">\n<div class=\"wp-block-group has-base-background-color has-background is-layout-flow wp-block-group-is-layout-flow\" style=\"border-radius:5px;margin-top:0;margin-bottom:0;padding-top:var(--wp--preset--spacing--20);padding-right:var(--wp--preset--spacing--20);padding-bottom:var(--wp--preset--spacing--20);padding-left:var(--wp--preset--spacing--20)\">\n<h4 class=\"wp-block-heading\" style=\"margin-top:0;font-style:normal;font-weight:700\">Latest Posts<\/h4>\n\n\n<ul style=\"font-size:clamp(14px, 0.875rem + ((1vw - 3.2px) * 0.408), 18px);font-style:normal;font-weight:600; margin-top:var(--wp--preset--spacing--30);margin-bottom:var(--wp--preset--spacing--30);\" class=\"wp-block-latest-posts__list wp-block-latest-posts\"><li><a class=\"wp-block-latest-posts__post-title\" href=\"https:\/\/denizguney.tr\/?p=1\">Hello world!<\/a><\/li>\n<\/ul><\/div>\n\n\n\n<div class=\"wp-block-group has-base-background-color has-background is-layout-flow wp-block-group-is-layout-flow\" style=\"border-radius:5px;padding-top:var(--wp--preset--spacing--20);padding-right:var(--wp--preset--spacing--20);padding-bottom:var(--wp--preset--spacing--20);padding-left:var(--wp--preset--spacing--20)\">\n<h4 class=\"wp-block-heading\" style=\"font-style:normal;font-weight:700\">Categories<\/h4>\n\n\n<ul class=\"wp-block-categories-list wp-block-categories\">\t<li class=\"cat-item cat-item-1\"><a href=\"https:\/\/denizguney.tr\/?cat=1\">\u00e7al\u0131\u015fmalar<\/a> (1)\n<\/li>\n\t<li class=\"cat-item cat-item-7\"><a href=\"https:\/\/denizguney.tr\/?cat=7\">kitaplar<\/a> (0)\n<\/li>\n<\/ul><\/div>\n\n\n\n<div class=\"wp-block-group has-base-background-color has-background is-layout-flow wp-block-group-is-layout-flow\" style=\"border-radius:5px;padding-top:var(--wp--preset--spacing--20);padding-right:var(--wp--preset--spacing--20);padding-bottom:var(--wp--preset--spacing--20);padding-left:var(--wp--preset--spacing--20)\">\n<h4 class=\"wp-block-heading\" style=\"font-style:normal;font-weight:700\">Tags<\/h4>\n\n\n<p class=\"wp-block-tag-cloud\">There&#8217;s no content to show here yet.<\/p><\/div>\n<\/div>\n<\/div>\n<\/div>\n<\/div>\n","protected":false},"excerpt":{"rendered":"<p>Latest Posts Categories Tags<\/p>\n","protected":false},"author":1,"featured_media":0,"parent":0,"menu_order":0,"comment_status":"closed","ping_status":"closed","template":"","meta":{"footnotes":""},"class_list":["post-67","page","type-page","status-publish","hentry"],"_links":{"self":[{"href":"https:\/\/denizguney.tr\/index.php?rest_route=\/wp\/v2\/pages\/67","targetHints":{"allow":["GET"]}}],"collection":[{"href":"https:\/\/denizguney.tr\/index.php?rest_route=\/wp\/v2\/pages"}],"about":[{"href":"https:\/\/denizguney.tr\/index.php?rest_route=\/wp\/v2\/types\/page"}],"author":[{"embeddable":true,"href":"https:\/\/denizguney.tr\/index.php?rest_route=\/wp\/v2\/users\/1"}],"replies":[{"embeddable":true,"href":"https:\/\/denizguney.tr\/index.php?rest_route=%2Fwp%2Fv2%2Fcomments&post=67"}],"version-history":[{"count":1,"href":"https:\/\/denizguney.tr\/index.php?rest_route=\/wp\/v2\/pages\/67\/revisions"}],"predecessor-version":[{"id":70,"href":"https:\/\/denizguney.tr\/index.php?rest_route=\/wp\/v2\/pages\/67\/revisions\/70"}],"wp:attachment":[{"href":"https:\/\/denizguney.tr\/index.php?rest_route=%2Fwp%2Fv2%2Fmedia&parent=67"}],"curies":[{"name":"wp","href":"https:\/\/api.w.org\/{rel}","templated":true}]}}